{"id":13770,"date":"2022-10-27T08:38:46","date_gmt":"2022-10-27T08:38:46","guid":{"rendered":"https:\/\/artprint.vn\/post-image\/"},"modified":"2023-09-19T07:52:18","modified_gmt":"2023-09-19T07:52:18","slug":"post-image","status":"publish","type":"page","link":"https:\/\/artprint.vn\/vi\/post-image\/","title":{"rendered":"G\u1eedi Files"},"content":{"rendered":"<p><div class=\"fusion-fullwidth fullwidth-box fusion-builder-row-1 fusion-flex-container nonhundred-percent-fullwidth non-hundred-percent-height-scrolling\" style=\"background-color: rgba(255,255,255,0);background-position: center center;background-repeat: no-repeat;border-width: 0px 0px 0px 0px;border-color:var(--awb-color3);border-style:solid;\" ><div class=\"fusion-builder-row fusion-row fusion-flex-align-items-flex-start\" style=\"max-width:1064.96px;margin-left: calc(-4% \/ 2 );margin-right: calc(-4% \/ 2 );\"><div class=\"fusion-layout-column fusion_builder_column fusion-builder-column-0 fusion_builder_column_1_1 1_1 fusion-flex-column\"><div class=\"fusion-column-wrapper fusion-flex-justify-content-flex-start fusion-content-layout-column\" style=\"background-position:left top;background-repeat:no-repeat;-webkit-background-size:cover;-moz-background-size:cover;-o-background-size:cover;background-size:cover;padding: 0px 0px 0px 0px;\"><div class=\"fusion-text fusion-text-1\"><h4>C\u1ea3m \u01a1n b\u1ea1n \u0111\u00e3 quan t\u00e2m \u0111\u1ebfn d\u1ecbch v\u1ee5 c\u1ee7a Artprint.<\/h4>\n<p>Vui l\u00f2ng g\u1eedi h\u00ecnh \u1ea3nh\/ file thi\u1ebft k\u1ebf c\u1ee7a b\u1ea1n cho ch\u00fang t\u00f4i t\u1ea1i \u0111\u00e2y.<\/p>\n<h6><em>L\u01b0u \u00fd: Xin vui l\u00f2ng t\u1ea3i l\u00ean t\u1eebng \u1ea3nh\/file m\u1ed9t l\u1ea7n v\u00e0 \u0111i\u1ec1n th\u00f4ng tin chi ti\u1ebft y\u00eau c\u1ea7u in \u1ea5n.<br \/>\nN\u1ebfu b\u1ea1n mu\u1ed1n g\u1eedi nhi\u1ec1u \u1ea3nh\/file: sau khi t\u1ea3i l\u00ean m\u1ed9t file, ch\u1ecdn n\u00fat [+Add New] \u0111\u1ec3 t\u1ea3i \u1ea3nh\/file ti\u1ebfp theo (c\u00e1c th\u00f4ng tin \u1edf d\u00f2ng 1,2,3 kh\u00f4ng c\u1ea7n nh\u1eadp l\u1ea1i), <span style=\"color: red;\">tuy nhi\u00ean b\u1ea1n nh\u1edb ch\u1ec9nh l\u1ea1i n\u1ed9i dung y\u00eau c\u1ea7u in \u1ea5n t\u1ea1i m\u1ee5c &#8220;Y\u00eau c\u1ea7u in \u1ea5n&#8221; nh\u00e9.<\/span><\/em><\/h6>\n<\/div><\/div><style type=\"text\/css\">.fusion-body .fusion-builder-column-0{width:100% !important;margin-top : 0px;margin-bottom : 0px;}.fusion-builder-column-0 > .fusion-column-wrapper {padding-top : 0px !important;padding-right : 0px !important;margin-right : 1.92%;padding-bottom : 0px !important;padding-left : 0px !important;margin-left : 1.92%;}@media only screen and (max-width:1024px) {.fusion-body .fusion-builder-column-0{width:100% !important;}.fusion-builder-column-0 > .fusion-column-wrapper {margin-right : 1.92%;margin-left : 1.92%;}}@media only screen and (max-width:640px) {.fusion-body .fusion-builder-column-0{width:100% !important;}.fusion-builder-column-0 > .fusion-column-wrapper {margin-right : 1.92%;margin-left : 1.92%;}}<\/style><\/div><\/div><style type=\"text\/css\">.fusion-body .fusion-flex-container.fusion-builder-row-1{ padding-top : 0px;margin-top : 0px;padding-right : 0px;padding-bottom : 0px;margin-bottom : 0px;padding-left : 0px;}<\/style><\/div><div class=\"fusion-fullwidth fullwidth-box fusion-builder-row-2 fusion-flex-container has-pattern-background has-mask-background nonhundred-percent-fullwidth non-hundred-percent-height-scrolling\" style=\"background-color: rgba(255,255,255,0);background-position: center center;background-repeat: no-repeat;border-width: 0px 0px 0px 0px;border-color:var(--awb-color3);border-style:solid;\" ><div class=\"fusion-builder-row fusion-row fusion-flex-align-items-flex-start\" style=\"max-width:1064.96px;margin-left: calc(-4% \/ 2 );margin-right: calc(-4% \/ 2 );\"><div class=\"fusion-layout-column fusion_builder_column fusion-builder-column-1 fusion_builder_column_1_1 1_1 fusion-flex-column\"><div class=\"fusion-column-wrapper fusion-flex-justify-content-flex-start fusion-content-layout-column\" style=\"background-position:left top;background-repeat:no-repeat;-webkit-background-size:cover;-moz-background-size:cover;-o-background-size:cover;background-size:cover;padding: 0px 0px 0px 0px;\"><div class=\"fusion-tabs fusion-tabs-1 classic horizontal-tabs icon-position-left mobile-mode-carousel mobile-sticky-tabs\" style=\"--icon-color:Array;--icon-active-color:Array;\"><style type=\"text\/css\">.fusion-tabs.fusion-tabs-1 .nav-tabs li a.tab-link{border-top-color:#ffffff;background-color:#ffffff;}.fusion-tabs.fusion-tabs-1 .nav-tabs{background-color:#f9f9f9;}.fusion-tabs.fusion-tabs-1 .nav-tabs li.active a.tab-link,.fusion-tabs.fusion-tabs-1 .nav-tabs li.active a.tab-link:hover,.fusion-tabs.fusion-tabs-1 .nav-tabs li.active a.tab-link:focus{border-right-color:#f9f9f9;}.fusion-tabs.fusion-tabs-1.classic .nav-tabs > li.active .tab-link, .fusion-tabs.fusion-tabs-1.classic .nav-tabs > li.active .tab-link:hover { border-color: #000000;}.fusion-tabs.fusion-tabs-1 .nav-tabs li.active a.tab-link,.fusion-tabs.fusion-tabs-1 .nav-tabs li.active a.tab-link:hover,.fusion-tabs.fusion-tabs-1 .nav-tabs li.active a.tab-link:focus{background-color:#f9f9f9;}.fusion-tabs.fusion-tabs-1 .nav-tabs li a:hover{background-color:#f9f9f9;border-top-color:#f9f9f9;}.fusion-tabs.fusion-tabs-1 .tab-pane{background-color:#f9f9f9;}.fusion-tabs.fusion-tabs-1 .nav,.fusion-tabs.fusion-tabs-1 .nav-tabs,.fusion-tabs.fusion-tabs-1 .tab-content .tab-pane{border-color:rgba(255,255,255,0);}.fusion-tabs.fusion-tabs-1 .nav-tabs li .fusion-tab-heading {font-family:\"Roboto\" !important;font-weight:700 !important;font-size: 24px !important;line-height: 1.7 !important;letter-spacing: var(--awb-typography1-letter-spacing) !important;text-transform: var(--awb-typography1-text-transform) !important;color: #141617 !important;}.fusion-tabs.fusion-tabs-1 .nav-tabs li.active .fusion-tab-heading, .fusion-tabs.fusion-tabs-1 .nav-tabs li:hover .fusion-tab-heading { color:#000000 !important;}.fusion-tabs.fusion-tabs-1 .nav-tabs li .tab-link {padding-top: 25px !important;padding-right: 20px !important;padding-bottom: 25px !important;padding-left: 20px !important;}.fusion-tabs.fusion-tabs-1 .tab-content .tab-pane {padding-top: 50px !important;padding-right: 50px !important;padding-bottom: 20px !important;padding-left: 50px !important;}.fusion-tabs.fusion-tabs-1{ margin-top : 80px;margin-bottom : 80px;}<\/style><div class=\"nav\"><ul class=\"nav-tabs nav-justified\" role=\"tablist\"><li class=\"active\" role=\"presentation\"><a class=\"tab-link\" data-toggle=\"tab\" role=\"tab\" aria-controls=\"tab-d5eb2a6c7fde69a7459\" aria-selected=\"true\" id=\"fusion-tab-g\u1eedifileonline\" href=\"#tab-d5eb2a6c7fde69a7459\"><h3 class=\"fusion-tab-heading\"><i class=\"fontawesome-icon icon-agency-paper-plane-solid\" aria-hidden=\"true\" style=\"font-size:14px;\"><\/i>G\u1eedi File Online<\/h3><\/a><\/li><li role=\"presentation\"><a class=\"tab-link\" data-toggle=\"tab\" role=\"tab\" aria-controls=\"tab-5ae77c4a485e4b6e28f\" aria-selected=\"false\" tabindex=\"-1\" id=\"fusion-tab-h\u01b0\u1edbngd\u1eabng\u1eedifile\" href=\"#tab-5ae77c4a485e4b6e28f\"><h3 class=\"fusion-tab-heading\"><i class=\"fontawesome-icon icon-agency-briefcase-solid\" aria-hidden=\"true\" style=\"font-size:14px;\"><\/i>H\u01b0\u1edbng d\u1eabn g\u1eedi file<\/h3><\/a><\/li><\/ul><\/div><div class=\"tab-content\"><div class=\"tab-pane fade fusion-clearfix in active\" role=\"tabpanel\" tabindex=\"0\" aria-labelledby=\"fusion-tab-g\u1eedifileonline\" id=\"tab-d5eb2a6c7fde69a7459\">\n\n<div id=\"flexi_ajax\">\n\n    <!-- Image loader -->\n    <div id='flexi_loader' style='display: none;'>\n\n        <br>\n        Uploading        <div class=\"flexi_progress-bar\">\n            <span id=\"flexi_progress\" class=\"flexi_progress-bar-load\" style=\"width: 0%;text-align: center;\"><\/span>\n        <\/div>\n        <br>\n        Processing        <div class=\"flexi_progress-bar\">\n            <span id=\"flexi_progress_process\" class=\"flexi_progress-bar-process\"\n                style=\"width: 0%;text-align: center;\"><\/span>\n        <\/div>\n\n    <\/div>\n\n    <div class='flexi_response'>\n\n    <\/div>\n    <div id=\"flexi_after_response\" style='display: none;'>\n\n    <\/div>\n\n<\/div>\n\n<div id=\"flexi_form\">\n<form\nid=\"flexi-request-form\"\nclass=\"flexi_ajax_post flexi_form_style\"\nmethod=\"post\"\nenctype=\"multipart\/form-data\"\naction=\"https:\/\/artprint.vn\/wp-admin\/admin-ajax.php\"\n>\n<div class=\"fl-field\"><label class='fl-label fl-label fl-has-text-dark' for=\"user-submitted-title\">Vui l\u00f2ng \u0111i\u1ec1n \u0111\u1ea7y \u0111\u1ee7 h\u1ecd t\u00ean, s\u1ed1 \u0111i\u1ec7n tho\u1ea1i v\u00e0 ng\u00e0y y\u00eau c\u1ea7u<\/label><div class=\"fl-control\"><input type=\"text\" name=\"user-submitted-title\" value=\"\" placeholder=\"\" class=\"fl-input\" required><\/div><\/div>\n<div class=\"fl-field\"><label class='fl-label fl-label fl-has-text-dark' for=\"cat\">Ch\u1ecdn tr\u1ea1ng th\u00e1i thanh to\u00e1n, c\u00e1c \u0111\u01a1n \u0111\u00e3 thanh to\u00e1n s\u1ebd \u0111\u01b0\u1ee3c \u01b0u ti\u00ean<\/label><div class=\"fl-control\"><div class=\"fl-select\"><select  name='cat' id='cat' class='postform'>\n\t<option value='' selected='selected'>&#8212; None &#8212;<\/option>\n\t<option class=\"level-0\" value=\"83\">Ch\u01b0a thanh to\u00e1n<\/option>\n\t<option class=\"level-0\" value=\"82\">\u0110\u00e3 Thanh To\u00e1n<\/option>\n<\/select>\n<\/div><\/div><\/div><div class=\"fl-field\"><label class='fl-label fl-label fl-has-text-dark' for=\"tags\">Vui l\u00f2ng \u0111i\u1ec1n c\u00e1c th\u00f4ng tin gi\u00fap ch\u00fang t\u00f4i d\u1ec5 t\u00ecm ki\u1ebfm h\u00ecnh c\u1ee7a b\u1ea1n h\u01a1n nh\u01b0 m\u00e3 \u0111\u01a1n h\u00e0ng,...<\/label><div class=\"fl-control\"><input type=\"\" name=\"tags\" value=\"\" id=\"tags\" placeholder=\"\" class=\"\"> <script>\n          jQuery(document).ready(function ()\n          {\n\n              jQuery('#tags').tagsInput();\n          });\n          <\/script><\/div><\/div>\n<div class=\"fl-field\"><label class='fl-label fl-label fl-has-text-dark' for=\"user-submitted-content\">Y\u00eau c\u1ea7u in \u1ea5n (Lo\u1ea1i s\u1ea3n ph\u1ea9m, k\u00edch th\u01b0\u1edbc, quy c\u00e1ch, s\u1ed1 l\u01b0\u1ee3ng,..)<\/label><div class=\"fl-control\"><textarea name=\"user-submitted-content\" rows=\"4\" cols=\"40\" id=\"\" placeholder=\"\" class=\"fl-textarea\"><\/textarea><\/div><\/div>\n<div class=\"fl-field\">\n    <div id=\"file-js-flexi\" class=\"fl-file fl-has-name\">\n        <label class=\"fl-file-label\">\n            <input type=\"file\" name=\"user-submitted-image[]\" value=\"\" id=\"file\" class=\"fl-file-input\" required=\"\">\n            <span class=\"fl-file-cta\">\n                <span class=\"fl-file-icon\">\n                    <i class=\"fas fa-upload\"><\/i>\n                <\/span>\n                <span class=\"fl-file-label\">\n                                    <\/span>\n            <\/span>\n            <span class=\"fl-file-name\">\n                No file selected            <\/span>\n        <\/label>\n    <\/div>\n<\/div>\n<script>\nconst fileInput = document.querySelector('#file-js-flexi input[type=file]');\nfileInput.onchange = () => {\n    if (fileInput.files.length > 0) {\n        const fileName = document.querySelector('#file-js-flexi .fl-file-name');\n        fileName.textContent = fileInput.files[0].name;\n    }\n}\n<\/script>\n\n\n\n\n<div class=\"fl-field\"><div class=\"fl-control\"><input type=\"submit\" name=\"submit\" value=\"T\u1ea3i file l\u00ean\" id=\"submit\" class=\"flquan-control\"><\/div><script>\njQuery(document).ready(function() {\n    var error = false;\n    jQuery(\"form input\").change(function(e) {\n        if (this.files && this.files.length) {\n            var file_size = this.files[0].size;\n            \/\/ console.log(this.files);\n            var max = 10485760;\n            jQuery(\"form p\").text(this.files.length + \" file(s) selected\");\n            var notices = \"\";\n            for (i = 0; i < this.files.length; i++) {\n                error = false;\n                document.getElementById(\"flexi_submit_notice\").innerHTML = \"\";\n                var cur = this.files[i].size;\n                var name = this.files[i].name;\n                \/\/console.log(cur+\"--\"+max);\n                if (cur > max) {\n                    \/\/console.log(e);\n                    error = true;\n                    \/\/console.log(name+\" - \"+cur);\n                    notices += \"<div class=\\\"flexi_alert-box flexi_error\\\">\" + name + \" - \" + ((cur \/\n                            1024) \/ 1024).toFixed(2) +\n                        \"MB (10MB)<\/div>\";\n\n                }\n            }\n            document.getElementById(\"flexi_submit_notice\").innerHTML = notices;\n        }\n        if (error) {\n            \/\/console.log(\"Disable Form\");\n            \/\/Disable Submit Button\n            jQuery(\"#submit\").attr(\"disabled\", true);\n        } else {\n            \/\/console.log(\"Enable Form\");\n            \/\/Disable Submit Button\n            jQuery(\"#submit\").removeAttr(\"disabled\");\n        }\n    });\n\n});\n<\/script>\n\n<\/div>\n<input type=\"hidden\" id=\"flexi-nonce\" name=\"flexi-nonce\" value=\"e5a24ca629\" \/><input type=\"hidden\" name=\"action\" value=\"flexi_ajax_post\"><input type=\"hidden\" name=\"detail_layout\" value=\"default\"><input type=\"hidden\" name=\"edit_page\" value=\"0\"><input type=\"hidden\" name=\"form_name\" value=\"my_form\"><input type=\"hidden\" name=\"flexi_attach_at\" value=\"13770\"><input type=\"hidden\" name=\"edit\" value=\"false\"><input type=\"hidden\" name=\"type\" value=\"image\"><input type=\"hidden\" name=\"unique\" value=\"\"><input type=\"hidden\" name=\"upload_type\" value=\"flexi\"><\/form><div id=\"flexi_submit_notice\"><\/div><\/div>\n<\/div><div class=\"tab-pane fade fusion-clearfix\" role=\"tabpanel\" tabindex=\"0\" aria-labelledby=\"fusion-tab-h\u01b0\u1edbngd\u1eabng\u1eedifile\" id=\"tab-5ae77c4a485e4b6e28f\">\n<p><img decoding=\"async\" class=\"alignnone wp-image-14033\" src=\"https:\/\/artprint.vn\/wp-content\/uploads\/2022\/11\/huong-dan-300x158.png\" alt=\"\" width=\"1033\" height=\"544\" srcset=\"https:\/\/artprint.vn\/wp-content\/uploads\/2022\/11\/huong-dan-18x9.png 18w, https:\/\/artprint.vn\/wp-content\/uploads\/2022\/11\/huong-dan-200x105.png 200w, https:\/\/artprint.vn\/wp-content\/uploads\/2022\/11\/huong-dan-300x158.png 300w, https:\/\/artprint.vn\/wp-content\/uploads\/2022\/11\/huong-dan-400x210.png 400w, https:\/\/artprint.vn\/wp-content\/uploads\/2022\/11\/huong-dan-600x316.png 600w, https:\/\/artprint.vn\/wp-content\/uploads\/2022\/11\/huong-dan-768x404.png 768w, https:\/\/artprint.vn\/wp-content\/uploads\/2022\/11\/huong-dan-800x421.png 800w, https:\/\/artprint.vn\/wp-content\/uploads\/2022\/11\/huong-dan-1024x539.png 1024w, https:\/\/artprint.vn\/wp-content\/uploads\/2022\/11\/huong-dan-1200x631.png 1200w, https:\/\/artprint.vn\/wp-content\/uploads\/2022\/11\/huong-dan.png 1285w\" sizes=\"(max-width: 1033px) 100vw, 1033px\" \/><\/p>\n<p>\u0110\u1ec3 th\u1ef1c hi\u1ec7n g\u1eedi file cho ch\u00fang t\u00f4i qu\u00fd kh\u00e1ch vui l\u00f2ng th\u1ef1c hi\u1ec7n c\u00e1c b\u01b0\u1edbc sau:<\/p>\n<p>B\u01b0\u1edbc 1: Nh\u1eadp th\u00f4ng tin theo m\u1eabu [h\u1ecd t\u00ean] &#8211; [s\u0111t] &#8211; [ng\u00e0y y\u00eau c\u1ea7u]\n<p>B\u01b0\u1edbc 2: Ch\u00fang t\u00f4i s\u1ebd \u01b0u ti\u00ean x\u00e1c nh\u1eadn v\u00e0 x\u1eed l\u00fd c\u00e1c \u0111\u01a1n \u0111\u00e3 thanh to\u00e1n tr\u01b0\u1edbc, v\u00ec th\u1ebf n\u1ebfu \u0111\u00e3 thanh to\u00e1n h\u00e3y l\u1ef1a ch\u1ecdn &#8220;\u0110\u00e3 thanh to\u00e1n&#8221;<\/p>\n<p>B\u01b0\u1edbc 3: \u0110i\u1ec1n v\u00e0o c\u00e1c t\u1eeb kh\u00f3a gi\u00fap ch\u00fang t\u00f4i d\u1ec5 t\u00ecm \u0111\u01b0\u1ee3c file c\u1ee7a b\u1ea1n h\u01a1n v\u00ed d\u1ee5 m\u00e3 bill,..<\/p>\n<p>B\u01b0\u1edbc 4: Nh\u1eadp n\u1ed9i dung y\u00eau c\u1ea7u in \u1ea5n nh\u01b0: Lo\u1ea1i s\u1ea3n ph\u1ea9m, k\u00edch th\u01b0\u1edbc, quy c\u00e1ch, s\u1ed1 l\u01b0\u1ee3ng,..<\/p>\n<p>B\u01b0\u1edbc 5: Ch\u1ecdn file<\/p>\n<p>B\u01b0\u1edbc 6: T\u1ea3i file l\u00ean.<\/p>\n<p>M\u1ed7i l\u1ea7n upload h\u1ec7 th\u1ed1ng ch\u1ec9 h\u1ed7 tr\u1ee3 upload 1 h\u00ecnh \u1ea3nh\/ file. N\u1ebfu b\u1ea1n c\u1ea7n t\u1ea3i nhi\u1ec1u \u1ea3nh\/file: sau khi t\u1ea3i l\u00ean th\u00e0nh c\u00f4ng vui l\u00f2ng b\u1ea5m n\u00fat [+ Add New] \u0111\u1ec3 t\u1ea3i th\u00eam m\u1ed9t h\u00ecnh \u1ea3nh\/file kh\u00e1c m\u00e0 kh\u00f4ng c\u1ea7n nh\u1eadp l\u1ea1i c\u00e1c tr\u01b0\u1eddng 1,2,3. L\u01b0u \u00fd nh\u1eadp th\u00eam n\u1ed9i dung y\u00eau c\u1ea7u in \u1ea5n (n\u1ebfu b\u1ea1n c\u00f3 y\u00eau c\u1ea7u in \u1ea5n kh\u00e1c v\u1edbi c\u00e1c file g\u1eedi ti\u1ebfp theo)<\/p>\n<p><img decoding=\"async\" class=\"alignnone wp-image-14168\" src=\"https:\/\/artprint.vn\/wp-content\/uploads\/2022\/11\/tai-lai-300x48.png\" alt=\"\" width=\"1038\" height=\"166\" srcset=\"https:\/\/artprint.vn\/wp-content\/uploads\/2022\/11\/tai-lai-18x3.png 18w, https:\/\/artprint.vn\/wp-content\/uploads\/2022\/11\/tai-lai-200x32.png 200w, https:\/\/artprint.vn\/wp-content\/uploads\/2022\/11\/tai-lai-300x48.png 300w, https:\/\/artprint.vn\/wp-content\/uploads\/2022\/11\/tai-lai-400x64.png 400w, https:\/\/artprint.vn\/wp-content\/uploads\/2022\/11\/tai-lai-600x97.png 600w, https:\/\/artprint.vn\/wp-content\/uploads\/2022\/11\/tai-lai-768x124.png 768w, https:\/\/artprint.vn\/wp-content\/uploads\/2022\/11\/tai-lai-800x129.png 800w, https:\/\/artprint.vn\/wp-content\/uploads\/2022\/11\/tai-lai-1024x165.png 1024w, https:\/\/artprint.vn\/wp-content\/uploads\/2022\/11\/tai-lai-1200x193.png 1200w, https:\/\/artprint.vn\/wp-content\/uploads\/2022\/11\/tai-lai.png 1335w\" sizes=\"(max-width: 1038px) 100vw, 1038px\" \/><\/p>\n<\/div><\/div><\/div><\/div><style type=\"text\/css\">.fusion-body .fusion-builder-column-1{width:100% !important;margin-top : 0px;margin-bottom : 20px;}.fusion-builder-column-1 > .fusion-column-wrapper {padding-top : 0px !important;padding-right : 0px !important;margin-right : 1.92%;padding-bottom : 0px !important;padding-left : 0px !important;margin-left : 1.92%;}@media only screen and (max-width:1024px) {.fusion-body .fusion-builder-column-1{width:100% !important;order : 0;}.fusion-builder-column-1 > .fusion-column-wrapper {margin-right : 1.92%;margin-left : 1.92%;}}@media only screen and (max-width:640px) {.fusion-body .fusion-builder-column-1{width:100% !important;order : 0;}.fusion-builder-column-1 > .fusion-column-wrapper {margin-right : 1.92%;margin-left : 1.92%;}}<\/style><\/div><\/div><style type=\"text\/css\">.fusion-body .fusion-flex-container.fusion-builder-row-2{ padding-top : 0px;margin-top : 0px;padding-right : 0px;padding-bottom : 0px;margin-bottom : 0px;padding-left : 0px;}<\/style><\/div><\/p>\n","protected":false},"excerpt":{"rendered":"","protected":false},"author":1,"featured_media":0,"parent":0,"menu_order":0,"comment_status":"closed","ping_status":"closed","template":"100-width.php","meta":{"footnotes":""},"class_list":["post-13770","page","type-page","status-publish","hentry"],"_links":{"self":[{"href":"https:\/\/artprint.vn\/vi\/wp-json\/wp\/v2\/pages\/13770","targetHints":{"allow":["GET"]}}],"collection":[{"href":"https:\/\/artprint.vn\/vi\/wp-json\/wp\/v2\/pages"}],"about":[{"href":"https:\/\/artprint.vn\/vi\/wp-json\/wp\/v2\/types\/page"}],"author":[{"embeddable":true,"href":"https:\/\/artprint.vn\/vi\/wp-json\/wp\/v2\/users\/1"}],"replies":[{"embeddable":true,"href":"https:\/\/artprint.vn\/vi\/wp-json\/wp\/v2\/comments?post=13770"}],"version-history":[{"count":39,"href":"https:\/\/artprint.vn\/vi\/wp-json\/wp\/v2\/pages\/13770\/revisions"}],"predecessor-version":[{"id":14687,"href":"https:\/\/artprint.vn\/vi\/wp-json\/wp\/v2\/pages\/13770\/revisions\/14687"}],"wp:attachment":[{"href":"https:\/\/artprint.vn\/vi\/wp-json\/wp\/v2\/media?parent=13770"}],"curies":[{"name":"wp","href":"https:\/\/api.w.org\/{rel}","templated":true}]}}