{"id":13769,"date":"2022-10-27T08:38:40","date_gmt":"2022-10-27T08:38:40","guid":{"rendered":"https:\/\/artprint.vn\/primary-gallery\/"},"modified":"2022-10-27T08:38:40","modified_gmt":"2022-10-27T08:38:40","slug":"primary-gallery","status":"publish","type":"page","link":"https:\/\/artprint.vn\/vi\/primary-gallery\/","title":{"rendered":"Primary Gallery"},"content":{"rendered":"<p><div class=\"fl-buttons\" role=\"toolbar\" id=\"flexi-common-toolbar_13769\"><a href=\"https:\/\/artprint.vn\/vi\/post-image\/\" class=\"fl-button fl-is-light\">\n                <span class=\"fl-icon\"><i class=\"fas fa-image\"><\/i><\/span>\n                <span>G\u1eedi Files<\/span>\n              <\/a><a href=\"https:\/\/artprint.vn\/wp-login.php?redirect_to=https%3A%2F%2Fartprint.vn%2Fvi%2Fprimary-gallery%2F\" class=\"fl-button fl-is-light\">\n                <span class=\"fl-icon\"><i class=\"fas fa-sign-out-alt\"><\/i><\/span>\n                <span>Login<\/span>\n              <\/a><\/div> \n<div style='clear:both;'><\/div>\n<style>\n\t\t@media only screen and (min-width: 1024px) {\n                .flexi_column_3 .flexi_masonry {\n                        columns: 3;\n\t\t\t\t}\n\t\t}\n<\/style>\n<div id=\"flexi_gallery\" class=\"fl-columns fl-is-multiline flexi_column_3\">\n\t\t<div class=\"fl-column fl-is-full\">\n\t\t\t\t<div class=\"flexi_masonry\" id=\"flexi_main_loop\">\n<div class=\"flexi_gallery_child flexi_padding\" id=\"flexi_18615\" style=\"position: relative;\"\n    data-tags=\",\">\n    <div class=\"flexi_masonry-item\">\n        <div class=\"flexi_effect flexi_show_popup_custom\" id=\"flexi_effect_2\">\n\n            <a\n                custom-lightbox data-type=\"ajax\" href=\"\" data-src=\"https:\/\/artprint.vn\/wp-admin\/admin-ajax.php?action=flexi_ajax_post_view&#038;id=18615&#038;nonce=36d112a823\" data-caption=\"ung-dung-de-giai-quyet-microsoft-captcha\" border=\"0\">\n                <img decoding=\"async\" class=\"flexi-fit_cover\" src=\"https:\/\/artprint.vn\/wp-content\/plugins\/flexi\/public\/images\/image.png\">\n\n                <div id=\"flexi_info\" class=\"flexi_caption_4\">\n                    <div class=\"flexi_title\">\u1ee9ng d\u1ee5ng \u0111\u1ec3 gi\u1ea3i Quy\u1ebft Microsoft captcha<\/div>\n                    <div class=\"flexi_p\"><\/div>\n                <\/div>\n                <div class=\"flexi_figcaption\">\u1ee9ng d\u1ee5ng \u0111\u1ec3 gi\u1ea3i Quy\u1ebft Microsoft captcha<\/div>\n            <\/a>\n\n        <\/div>\n    <\/div>\n<\/div>\n<div style=\"display: none;\" id=\"flexi_inline_18615\">\n    <h2>\u1ee9ng d\u1ee5ng \u0111\u1ec3 gi\u1ea3i Quy\u1ebft Microsoft captcha<\/h2>\n<\/div>\n<div class=\"godude-desc flexi_desc_18615\">\n    <p><\/p>\n    <p><\/p>\n<\/div><div class=\"flexi_gallery_child flexi_padding\" id=\"flexi_18614\" style=\"position: relative;\"\n    data-tags=\",\">\n    <div class=\"flexi_masonry-item\">\n        <div class=\"flexi_effect flexi_show_popup_custom\" id=\"flexi_effect_2\">\n\n            <a\n                custom-lightbox data-type=\"ajax\" href=\"\" data-src=\"https:\/\/artprint.vn\/wp-admin\/admin-ajax.php?action=flexi_ajax_post_view&#038;id=18614&#038;nonce=36d112a823\" data-caption=\"lam-the-nao-de-bo-qua-vbulletin-captcha\" border=\"0\">\n                <img decoding=\"async\" class=\"flexi-fit_cover\" src=\"https:\/\/artprint.vn\/wp-content\/plugins\/flexi\/public\/images\/image.png\">\n\n                <div id=\"flexi_info\" class=\"flexi_caption_4\">\n                    <div class=\"flexi_title\">L\u00e0m th\u1ebf n\u00e0o \u0110\u1ec3 b\u1ecf Qua vbulletin captcha<\/div>\n                    <div class=\"flexi_p\"><\/div>\n                <\/div>\n                <div class=\"flexi_figcaption\">L\u00e0m th\u1ebf n\u00e0o \u0110\u1ec3 b\u1ecf Qua vbulletin captcha<\/div>\n            <\/a>\n\n        <\/div>\n    <\/div>\n<\/div>\n<div style=\"display: none;\" id=\"flexi_inline_18614\">\n    <h2>L\u00e0m th\u1ebf n\u00e0o \u0110\u1ec3 b\u1ecf Qua vbulletin captcha<\/h2>\n<\/div>\n<div class=\"godude-desc flexi_desc_18614\">\n    <p><\/p>\n    <p><\/p>\n<\/div><div class=\"flexi_gallery_child flexi_padding\" id=\"flexi_18613\" style=\"position: relative;\"\n    data-tags=\",\">\n    <div class=\"flexi_masonry-item\">\n        <div class=\"flexi_effect flexi_show_popup_custom\" id=\"flexi_effect_2\">\n\n            <a\n                custom-lightbox data-type=\"ajax\" href=\"\" data-src=\"https:\/\/artprint.vn\/wp-admin\/admin-ajax.php?action=flexi_ajax_post_view&#038;id=18613&#038;nonce=36d112a823\" data-caption=\"lam-the-nao-de-pha-vo-hcaptcha-enterprize-captcha\" border=\"0\">\n                <img decoding=\"async\" class=\"flexi-fit_cover\" src=\"https:\/\/artprint.vn\/wp-content\/plugins\/flexi\/public\/images\/image.png\">\n\n                <div id=\"flexi_info\" class=\"flexi_caption_4\">\n                    <div class=\"flexi_title\">l\u00e0m th\u1ebf n\u00e0o \u0111\u1ec3 ph\u00e1 v\u1ee1 Hcaptcha Enterprize captcha<\/div>\n                    <div class=\"flexi_p\"><\/div>\n                <\/div>\n                <div class=\"flexi_figcaption\">l\u00e0m th\u1ebf n\u00e0o \u0111\u1ec3 ph\u00e1 v\u1ee1 Hcaptcha Enterprize captcha<\/div>\n            <\/a>\n\n        <\/div>\n    <\/div>\n<\/div>\n<div style=\"display: none;\" id=\"flexi_inline_18613\">\n    <h2>l\u00e0m th\u1ebf n\u00e0o \u0111\u1ec3 ph\u00e1 v\u1ee1 Hcaptcha Enterprize captcha<\/h2>\n<\/div>\n<div class=\"godude-desc flexi_desc_18613\">\n    <p><\/p>\n    <p><\/p>\n<\/div><div class=\"flexi_gallery_child flexi_padding\" id=\"flexi_18612\" style=\"position: relative;\"\n    data-tags=\",\">\n    <div class=\"flexi_masonry-item\">\n        <div class=\"flexi_effect flexi_show_popup_custom\" id=\"flexi_effect_2\">\n\n            <a\n                custom-lightbox data-type=\"ajax\" href=\"\" data-src=\"https:\/\/artprint.vn\/wp-admin\/admin-ajax.php?action=flexi_ajax_post_view&#038;id=18612&#038;nonce=36d112a823\" data-caption=\"xevil-6-cac-phan-mem-tot-nhat-de-giai-quyet-captcha-da-duoc-phat-hanh\" border=\"0\">\n                <img decoding=\"async\" class=\"flexi-fit_cover\" src=\"https:\/\/artprint.vn\/wp-content\/plugins\/flexi\/public\/images\/image.png\">\n\n                <div id=\"flexi_info\" class=\"flexi_caption_4\">\n                    <div class=\"flexi_title\">XEvil 6: c\u00e1c ph\u1ea7n m\u1ec1m t\u1ed1t nh\u1ea5t \u0111\u1ec3 gi\u1ea3i quy\u1ebft captcha \u0111\u00e3 \u0111\u01b0\u1ee3c ph\u00e1t h\u00e0nh !<\/div>\n                    <div class=\"flexi_p\"><\/div>\n                <\/div>\n                <div class=\"flexi_figcaption\">XEvil 6: c\u00e1c ph\u1ea7n m\u1ec1m t\u1ed1t nh\u1ea5t \u0111\u1ec3 gi\u1ea3i quy\u1ebft captcha \u0111\u00e3 \u0111\u01b0\u1ee3c ph\u00e1t h\u00e0nh !<\/div>\n            <\/a>\n\n        <\/div>\n    <\/div>\n<\/div>\n<div style=\"display: none;\" id=\"flexi_inline_18612\">\n    <h2>XEvil 6: c\u00e1c ph\u1ea7n m\u1ec1m t\u1ed1t nh\u1ea5t \u0111\u1ec3 gi\u1ea3i quy\u1ebft captcha \u0111\u00e3 \u0111\u01b0\u1ee3c ph\u00e1t h\u00e0nh !<\/h2>\n<\/div>\n<div class=\"godude-desc flexi_desc_18612\">\n    <p><\/p>\n    <p><\/p>\n<\/div><div class=\"flexi_gallery_child flexi_padding\" id=\"flexi_18611\" style=\"position: relative;\"\n    data-tags=\",\">\n    <div class=\"flexi_masonry-item\">\n        <div class=\"flexi_effect flexi_show_popup_custom\" id=\"flexi_effect_2\">\n\n            <a\n                custom-lightbox data-type=\"ajax\" href=\"\" data-src=\"https:\/\/artprint.vn\/wp-admin\/admin-ajax.php?action=flexi_ajax_post_view&#038;id=18611&#038;nonce=36d112a823\" data-caption=\"ung-dung-de-giai-quyet-bing-captcha\" border=\"0\">\n                <img decoding=\"async\" class=\"flexi-fit_cover\" src=\"https:\/\/artprint.vn\/wp-content\/plugins\/flexi\/public\/images\/image.png\">\n\n                <div id=\"flexi_info\" class=\"flexi_caption_4\">\n                    <div class=\"flexi_title\">\u1ee9ng d\u1ee5ng \u0111\u1ec3 gi\u1ea3i Quy\u1ebft bing captcha<\/div>\n                    <div class=\"flexi_p\"><\/div>\n                <\/div>\n                <div class=\"flexi_figcaption\">\u1ee9ng d\u1ee5ng \u0111\u1ec3 gi\u1ea3i Quy\u1ebft bing captcha<\/div>\n            <\/a>\n\n        <\/div>\n    <\/div>\n<\/div>\n<div style=\"display: none;\" id=\"flexi_inline_18611\">\n    <h2>\u1ee9ng d\u1ee5ng \u0111\u1ec3 gi\u1ea3i Quy\u1ebft bing captcha<\/h2>\n<\/div>\n<div class=\"godude-desc flexi_desc_18611\">\n    <p><\/p>\n    <p><\/p>\n<\/div><div class=\"flexi_gallery_child flexi_padding\" id=\"flexi_18610\" style=\"position: relative;\"\n    data-tags=\",\">\n    <div class=\"flexi_masonry-item\">\n        <div class=\"flexi_effect flexi_show_popup_custom\" id=\"flexi_effect_2\">\n\n            <a\n                custom-lightbox data-type=\"ajax\" href=\"\" data-src=\"https:\/\/artprint.vn\/wp-admin\/admin-ajax.php?action=flexi_ajax_post_view&#038;id=18610&#038;nonce=36d112a823\" data-caption=\"chuong-trinh-tot-nhat-de-giai-quyet-funcaptcha-captcha\" border=\"0\">\n                <img decoding=\"async\" class=\"flexi-fit_cover\" src=\"https:\/\/artprint.vn\/wp-content\/plugins\/flexi\/public\/images\/image.png\">\n\n                <div id=\"flexi_info\" class=\"flexi_caption_4\">\n                    <div class=\"flexi_title\">ch\u01b0\u01a1ng tr\u00ecnh t\u1ed1t nh\u1ea5t \u0111\u1ec3 gi\u1ea3i Quy\u1ebft FunCaptcha captcha<\/div>\n                    <div class=\"flexi_p\"><\/div>\n                <\/div>\n                <div class=\"flexi_figcaption\">ch\u01b0\u01a1ng tr\u00ecnh t\u1ed1t nh\u1ea5t \u0111\u1ec3 gi\u1ea3i Quy\u1ebft FunCaptcha captcha<\/div>\n            <\/a>\n\n        <\/div>\n    <\/div>\n<\/div>\n<div style=\"display: none;\" id=\"flexi_inline_18610\">\n    <h2>ch\u01b0\u01a1ng tr\u00ecnh t\u1ed1t nh\u1ea5t \u0111\u1ec3 gi\u1ea3i Quy\u1ebft FunCaptcha captcha<\/h2>\n<\/div>\n<div class=\"godude-desc flexi_desc_18610\">\n    <p><\/p>\n    <p><\/p>\n<\/div><div class=\"flexi_gallery_child flexi_padding\" id=\"flexi_18609\" style=\"position: relative;\"\n    data-tags=\",\">\n    <div class=\"flexi_masonry-item\">\n        <div class=\"flexi_effect flexi_show_popup_custom\" id=\"flexi_effect_2\">\n\n            <a\n                custom-lightbox data-type=\"ajax\" href=\"\" data-src=\"https:\/\/artprint.vn\/wp-admin\/admin-ajax.php?action=flexi_ajax_post_view&#038;id=18609&#038;nonce=36d112a823\" data-caption=\"ung-dung-cho-giai-quyet-tat-ca-cac-captcha\" border=\"0\">\n                <img decoding=\"async\" class=\"flexi-fit_cover\" src=\"https:\/\/artprint.vn\/wp-content\/plugins\/flexi\/public\/images\/image.png\">\n\n                <div id=\"flexi_info\" class=\"flexi_caption_4\">\n                    <div class=\"flexi_title\">\u1ee9ng d\u1ee5ng cho gi\u1ea3i quy\u1ebft t\u1ea5t c\u1ea3 c\u00e1c captcha<\/div>\n                    <div class=\"flexi_p\"><\/div>\n                <\/div>\n                <div class=\"flexi_figcaption\">\u1ee9ng d\u1ee5ng cho gi\u1ea3i quy\u1ebft t\u1ea5t c\u1ea3 c\u00e1c captcha<\/div>\n            <\/a>\n\n        <\/div>\n    <\/div>\n<\/div>\n<div style=\"display: none;\" id=\"flexi_inline_18609\">\n    <h2>\u1ee9ng d\u1ee5ng cho gi\u1ea3i quy\u1ebft t\u1ea5t c\u1ea3 c\u00e1c captcha<\/h2>\n<\/div>\n<div class=\"godude-desc flexi_desc_18609\">\n    <p><\/p>\n    <p><\/p>\n<\/div><div class=\"flexi_gallery_child flexi_padding\" id=\"flexi_18605\" style=\"position: relative;\"\n    data-tags=\",\">\n    <div class=\"flexi_masonry-item\">\n        <div class=\"flexi_effect flexi_show_popup_custom\" id=\"flexi_effect_2\">\n\n            <a\n                custom-lightbox data-type=\"ajax\" href=\"\" data-src=\"https:\/\/artprint.vn\/wp-admin\/admin-ajax.php?action=flexi_ajax_post_view&#038;id=18605&#038;nonce=36d112a823\" data-caption=\"lam-the-nao-de-pha-vo-hcaptcha-captcha\" border=\"0\">\n                <img decoding=\"async\" class=\"flexi-fit_cover\" src=\"https:\/\/artprint.vn\/wp-content\/plugins\/flexi\/public\/images\/image.png\">\n\n                <div id=\"flexi_info\" class=\"flexi_caption_4\">\n                    <div class=\"flexi_title\">l\u00e0m th\u1ebf n\u00e0o \u0111\u1ec3 ph\u00e1 v\u1ee1 hcaptcha captcha<\/div>\n                    <div class=\"flexi_p\"><\/div>\n                <\/div>\n                <div class=\"flexi_figcaption\">l\u00e0m th\u1ebf n\u00e0o \u0111\u1ec3 ph\u00e1 v\u1ee1 hcaptcha captcha<\/div>\n            <\/a>\n\n        <\/div>\n    <\/div>\n<\/div>\n<div style=\"display: none;\" id=\"flexi_inline_18605\">\n    <h2>l\u00e0m th\u1ebf n\u00e0o \u0111\u1ec3 ph\u00e1 v\u1ee1 hcaptcha captcha<\/h2>\n<\/div>\n<div class=\"godude-desc flexi_desc_18605\">\n    <p><\/p>\n    <p><\/p>\n<\/div><div class=\"flexi_gallery_child flexi_padding\" id=\"flexi_18604\" style=\"position: relative;\"\n    data-tags=\",\">\n    <div class=\"flexi_masonry-item\">\n        <div class=\"flexi_effect flexi_show_popup_custom\" id=\"flexi_effect_2\">\n\n            <a\n                custom-lightbox data-type=\"ajax\" href=\"\" data-src=\"https:\/\/artprint.vn\/wp-admin\/admin-ajax.php?action=flexi_ajax_post_view&#038;id=18604&#038;nonce=36d112a823\" data-caption=\"xevil-6-0-cac-ung-dung-tot-nhat-de-giai-quyet-captchas-co-san\" border=\"0\">\n                <img decoding=\"async\" class=\"flexi-fit_cover\" src=\"https:\/\/artprint.vn\/wp-content\/plugins\/flexi\/public\/images\/image.png\">\n\n                <div id=\"flexi_info\" class=\"flexi_caption_4\">\n                    <div class=\"flexi_title\">XEvil 6.0: c\u00e1c \u1ee9ng d\u1ee5ng t\u1ed1t nh\u1ea5t \u0111\u1ec3 gi\u1ea3i quy\u1ebft captchas c\u00f3 s\u1eb5n !!<\/div>\n                    <div class=\"flexi_p\"><\/div>\n                <\/div>\n                <div class=\"flexi_figcaption\">XEvil 6.0: c\u00e1c \u1ee9ng d\u1ee5ng t\u1ed1t nh\u1ea5t \u0111\u1ec3 gi\u1ea3i quy\u1ebft captchas c\u00f3 s\u1eb5n !!<\/div>\n            <\/a>\n\n        <\/div>\n    <\/div>\n<\/div>\n<div style=\"display: none;\" id=\"flexi_inline_18604\">\n    <h2>XEvil 6.0: c\u00e1c \u1ee9ng d\u1ee5ng t\u1ed1t nh\u1ea5t \u0111\u1ec3 gi\u1ea3i quy\u1ebft captchas c\u00f3 s\u1eb5n !!<\/h2>\n<\/div>\n<div class=\"godude-desc flexi_desc_18604\">\n    <p><\/p>\n    <p><\/p>\n<\/div><div class=\"flexi_gallery_child flexi_padding\" id=\"flexi_18602\" style=\"position: relative;\"\n    data-tags=\",\">\n    <div class=\"flexi_masonry-item\">\n        <div class=\"flexi_effect flexi_show_popup_custom\" id=\"flexi_effect_2\">\n\n            <a\n                custom-lightbox data-type=\"ajax\" href=\"\" data-src=\"https:\/\/artprint.vn\/wp-admin\/admin-ajax.php?action=flexi_ajax_post_view&#038;id=18602&#038;nonce=36d112a823\" data-caption=\"chuong-trinh-giai-quyet-instagram-captcha\" border=\"0\">\n                <img decoding=\"async\" class=\"flexi-fit_cover\" src=\"https:\/\/artprint.vn\/wp-content\/plugins\/flexi\/public\/images\/image.png\">\n\n                <div id=\"flexi_info\" class=\"flexi_caption_4\">\n                    <div class=\"flexi_title\">ch\u01b0\u01a1ng tr\u00ecnh gi\u1ea3i Quy\u1ebft Instagram captcha<\/div>\n                    <div class=\"flexi_p\"><\/div>\n                <\/div>\n                <div class=\"flexi_figcaption\">ch\u01b0\u01a1ng tr\u00ecnh gi\u1ea3i Quy\u1ebft Instagram captcha<\/div>\n            <\/a>\n\n        <\/div>\n    <\/div>\n<\/div>\n<div style=\"display: none;\" id=\"flexi_inline_18602\">\n    <h2>ch\u01b0\u01a1ng tr\u00ecnh gi\u1ea3i Quy\u1ebft Instagram captcha<\/h2>\n<\/div>\n<div class=\"godude-desc flexi_desc_18602\">\n    <p><\/p>\n    <p><\/p>\n<\/div><\/div>\n<\/div>\n<\/div>\n<div id='gallery_layout' style='display:none'>masonry<\/div><div id='popup' style='display:none'>custom<\/div><div id='album' style='display:none'><\/div><div id='max_paged' style='display:none'>4<\/div><div id='search' style='display:none'><\/div><div id='postsperpage' style='display:none'>10<\/div><div id='column' style='display:none'>3<\/div><div id='orderby' style='display:none'><\/div><div id='user' style='display:none'><\/div><div id='keyword' style='display:none'><\/div><div id='padding' style='display:none'>0px<\/div><div id='hover_effect' style='display:none'>flexi_effect_2<\/div><div id='php_field' style='display:none'><\/div><div id='hover_caption' style='display:none'>flexi_caption_4<\/div><div id='evalue' style='display:none'>,title:on,excerpt:on,custom:on,icon:on,category:on,tag:on,count:on,like:on,unlike:on,author:on,date:on,<\/div><div id='attach' style='display:none'><\/div><div id='attach_id' style='display:none'>13769<\/div><div id='filter' style='display:none'><\/div><div id='post_status' style='display:none'>publish<\/div><style>\n    :root {\n        --flexi_user_width: 150px;\n        --flexi_user_height: 150px;\n        --flexi_user_column: 3;\n    }\n<\/style><\/p>\n","protected":false},"excerpt":{"rendered":"","protected":false},"author":1,"featured_media":0,"parent":0,"menu_order":0,"comment_status":"closed","ping_status":"closed","template":"","meta":{"footnotes":""},"class_list":["post-13769","page","type-page","status-publish","hentry"],"_links":{"self":[{"href":"https:\/\/artprint.vn\/vi\/wp-json\/wp\/v2\/pages\/13769","targetHints":{"allow":["GET"]}}],"collection":[{"href":"https:\/\/artprint.vn\/vi\/wp-json\/wp\/v2\/pages"}],"about":[{"href":"https:\/\/artprint.vn\/vi\/wp-json\/wp\/v2\/types\/page"}],"author":[{"embeddable":true,"href":"https:\/\/artprint.vn\/vi\/wp-json\/wp\/v2\/users\/1"}],"replies":[{"embeddable":true,"href":"https:\/\/artprint.vn\/vi\/wp-json\/wp\/v2\/comments?post=13769"}],"version-history":[{"count":0,"href":"https:\/\/artprint.vn\/vi\/wp-json\/wp\/v2\/pages\/13769\/revisions"}],"wp:attachment":[{"href":"https:\/\/artprint.vn\/vi\/wp-json\/wp\/v2\/media?parent=13769"}],"curies":[{"name":"wp","href":"https:\/\/api.w.org\/{rel}","templated":true}]}}